{"id":652,"date":"2023-04-15T17:03:55","date_gmt":"2023-04-15T17:03:55","guid":{"rendered":"http:\/\/seslikutuphanem.agu.edu.tr\/?page_id=652"},"modified":"2025-06-17T21:32:00","modified_gmt":"2025-06-17T21:32:00","slug":"kitap-talep-formu","status":"publish","type":"page","link":"http:\/\/seslikutuphanem.agu.edu.tr\/?page_id=652","title":{"rendered":"Sesli Kitap Talep Formu"},"content":{"rendered":"<div class=\"wpforms-container wpforms-container-full wpforms-block wpforms-block-dd6e9ca3-0395-437a-9dc6-f9dff6970897\" id=\"wpforms-757\"><form id=\"wpforms-form-757\" class=\"wpforms-validate wpforms-form wpforms-ajax-form\" data-formid=\"757\" method=\"post\" enctype=\"multipart\/form-data\" action=\"\/index.php?rest_route=%2Fwp%2Fv2%2Fpages%2F652\" data-token=\"2e84f634820fc6232cf2ac015f11839e\"><noscript class=\"wpforms-error-noscript\">Please enable JavaScript in your browser to complete this form.<\/noscript><div class=\"wpforms-field-container\"><div id=\"wpforms-757-field_3-container\" class=\"wpforms-field wpforms-field-name\" data-field-id=\"3\"><label class=\"wpforms-field-label\" for=\"wpforms-757-field_3\">Ad Soyad <span class=\"wpforms-required-label\">*<\/span><\/label><input type=\"text\" id=\"wpforms-757-field_3\" class=\"wpforms-field-medium wpforms-field-required\" name=\"wpforms[fields][3]\" required><\/div><div id=\"wpforms-757-field_1-container\" class=\"wpforms-field wpforms-field-email\" data-field-id=\"1\"><label class=\"wpforms-field-label\" for=\"wpforms-757-field_1\">E-Posta Adresi <span class=\"wpforms-required-label\">*<\/span><\/label><input type=\"email\" id=\"wpforms-757-field_1\" class=\"wpforms-field-medium wpforms-field-required\" name=\"wpforms[fields][1]\" spellcheck=\"false\" required><\/div><div id=\"wpforms-757-field_2-container\" class=\"wpforms-field wpforms-field-textarea\" data-field-id=\"2\"><label class=\"wpforms-field-label\" for=\"wpforms-757-field_2\">\u0130leti <span class=\"wpforms-required-label\">*<\/span><\/label><textarea id=\"wpforms-757-field_2\" class=\"wpforms-field-medium wpforms-field-required\" name=\"wpforms[fields][2]\" required><\/textarea><div class=\"wpforms-field-description\">Seslendirilmesini talep etti\u011finiz kitab\u0131n bilgilerini bizimle payla\u015f\u0131n.<\/div><\/div><\/div><!-- .wpforms-field-container --><div class=\"wpforms-submit-container\" ><input type=\"hidden\" name=\"wpforms[id]\" value=\"757\"><input type=\"hidden\" name=\"wpforms[author]\" value=\"1\"><button type=\"submit\" name=\"wpforms[submit]\" id=\"wpforms-submit-757\" class=\"wpforms-submit\" data-alt-text=\"G\u00f6nderiliyor...\" data-submit-text=\"G\u00f6nder\" aria-live=\"assertive\" value=\"wpforms-submit\">G\u00f6nder<\/button><img src=\"http:\/\/seslikutuphanem.agu.edu.tr\/wp-content\/plugins\/wpforms-lite\/assets\/images\/submit-spin.svg\" class=\"wpforms-submit-spinner\" style=\"display: none;\" width=\"26\" height=\"26\" alt=\"Loading\"><\/div><\/form><\/div>  <!-- .wpforms-container -->","protected":false},"excerpt":{"rendered":"","protected":false},"author":1,"featured_media":0,"parent":0,"menu_order":0,"comment_status":"closed","ping_status":"closed","template":"","meta":[],"_links":{"self":[{"href":"http:\/\/seslikutuphanem.agu.edu.tr\/index.php?rest_route=\/wp\/v2\/pages\/652"}],"collection":[{"href":"http:\/\/seslikutuphanem.agu.edu.tr\/index.php?rest_route=\/wp\/v2\/pages"}],"about":[{"href":"http:\/\/seslikutuphanem.agu.edu.tr\/index.php?rest_route=\/wp\/v2\/types\/page"}],"author":[{"embeddable":true,"href":"http:\/\/seslikutuphanem.agu.edu.tr\/index.php?rest_route=\/wp\/v2\/users\/1"}],"replies":[{"embeddable":true,"href":"http:\/\/seslikutuphanem.agu.edu.tr\/index.php?rest_route=%2Fwp%2Fv2%2Fcomments&post=652"}],"version-history":[{"count":16,"href":"http:\/\/seslikutuphanem.agu.edu.tr\/index.php?rest_route=\/wp\/v2\/pages\/652\/revisions"}],"predecessor-version":[{"id":1592,"href":"http:\/\/seslikutuphanem.agu.edu.tr\/index.php?rest_route=\/wp\/v2\/pages\/652\/revisions\/1592"}],"wp:attachment":[{"href":"http:\/\/seslikutuphanem.agu.edu.tr\/index.php?rest_route=%2Fwp%2Fv2%2Fmedia&parent=652"}],"curies":[{"name":"wp","href":"https:\/\/api.w.org\/{rel}","templated":true}]}}