{"id":341,"date":"2023-04-12T16:07:19","date_gmt":"2023-04-12T16:07:19","guid":{"rendered":"http:\/\/seslikutuphanem.agu.edu.tr\/?page_id=341"},"modified":"2023-04-20T12:47:40","modified_gmt":"2023-04-20T12:47:40","slug":"yardim-iletisim","status":"publish","type":"page","link":"http:\/\/seslikutuphanem.agu.edu.tr\/?page_id=341","title":{"rendered":"Yard\u0131m &#038; \u0130leti\u015fim"},"content":{"rendered":"\t\t<div data-elementor-type=\"wp-page\" data-elementor-id=\"341\" class=\"elementor elementor-341\">\n\t\t\t\t\t\t\t\t\t<section class=\"elementor-section elementor-top-section elementor-element elementor-element-8ba052e elementor-section-boxed elementor-section-height-default elementor-section-height-default\" data-id=\"8ba052e\" data-element_type=\"section\">\n\t\t\t\t\t\t<div class=\"elementor-container elementor-column-gap-default\">\n\t\t\t\t\t<div class=\"elementor-column elementor-col-50 elementor-top-column elementor-element elementor-element-88dd444\" data-id=\"88dd444\" data-element_type=\"column\">\n\t\t\t<div class=\"elementor-widget-wrap elementor-element-populated\">\n\t\t\t\t\t\t\t\t<div class=\"elementor-element elementor-element-d361758 elementor-widget elementor-widget-heading\" data-id=\"d361758\" data-element_type=\"widget\" data-widget_type=\"heading.default\">\n\t\t\t\t<div class=\"elementor-widget-container\">\n\t\t\t<style>\/*! elementor - v3.12.1 - 02-04-2023 *\/\n.elementor-heading-title{padding:0;margin:0;line-height:1}.elementor-widget-heading .elementor-heading-title[class*=elementor-size-]>a{color:inherit;font-size:inherit;line-height:inherit}.elementor-widget-heading .elementor-heading-title.elementor-size-small{font-size:15px}.elementor-widget-heading .elementor-heading-title.elementor-size-medium{font-size:19px}.elementor-widget-heading .elementor-heading-title.elementor-size-large{font-size:29px}.elementor-widget-heading .elementor-heading-title.elementor-size-xl{font-size:39px}.elementor-widget-heading .elementor-heading-title.elementor-size-xxl{font-size:59px}<\/style><p class=\"elementor-heading-title elementor-size-default\">\u0130leti\u015fim<\/p>\t\t<\/div>\n\t\t\t\t<\/div>\n\t\t\t\t\t<\/div>\n\t\t<\/div>\n\t\t\t\t<div class=\"elementor-column elementor-col-50 elementor-top-column elementor-element elementor-element-1ba7521\" data-id=\"1ba7521\" data-element_type=\"column\">\n\t\t\t<div class=\"elementor-widget-wrap elementor-element-populated\">\n\t\t\t\t\t\t\t\t<div class=\"elementor-element elementor-element-fc46ca8 elementor-grid-2 elementor-shape-rounded e-grid-align-center elementor-widget elementor-widget-social-icons\" data-id=\"fc46ca8\" data-element_type=\"widget\" data-widget_type=\"social-icons.default\">\n\t\t\t\t<div class=\"elementor-widget-container\">\n\t\t\t<style>\/*! elementor - v3.12.1 - 02-04-2023 *\/\n.elementor-widget-social-icons.elementor-grid-0 .elementor-widget-container,.elementor-widget-social-icons.elementor-grid-mobile-0 .elementor-widget-container,.elementor-widget-social-icons.elementor-grid-tablet-0 .elementor-widget-container{line-height:1;font-size:0}.elementor-widget-social-icons:not(.elementor-grid-0):not(.elementor-grid-tablet-0):not(.elementor-grid-mobile-0) .elementor-grid{display:inline-grid}.elementor-widget-social-icons .elementor-grid{grid-column-gap:var(--grid-column-gap,5px);grid-row-gap:var(--grid-row-gap,5px);grid-template-columns:var(--grid-template-columns);justify-content:var(--justify-content,center);justify-items:var(--justify-content,center)}.elementor-icon.elementor-social-icon{font-size:var(--icon-size,25px);line-height:var(--icon-size,25px);width:calc(var(--icon-size, 25px) + (2 * var(--icon-padding, .5em)));height:calc(var(--icon-size, 25px) + (2 * var(--icon-padding, .5em)))}.elementor-social-icon{--e-social-icon-icon-color:#fff;display:inline-flex;background-color:#69727d;align-items:center;justify-content:center;text-align:center;cursor:pointer}.elementor-social-icon i{color:var(--e-social-icon-icon-color)}.elementor-social-icon svg{fill:var(--e-social-icon-icon-color)}.elementor-social-icon:last-child{margin:0}.elementor-social-icon:hover{opacity:.9;color:#fff}.elementor-social-icon-android{background-color:#a4c639}.elementor-social-icon-apple{background-color:#999}.elementor-social-icon-behance{background-color:#1769ff}.elementor-social-icon-bitbucket{background-color:#205081}.elementor-social-icon-codepen{background-color:#000}.elementor-social-icon-delicious{background-color:#39f}.elementor-social-icon-deviantart{background-color:#05cc47}.elementor-social-icon-digg{background-color:#005be2}.elementor-social-icon-dribbble{background-color:#ea4c89}.elementor-social-icon-elementor{background-color:#d30c5c}.elementor-social-icon-envelope{background-color:#ea4335}.elementor-social-icon-facebook,.elementor-social-icon-facebook-f{background-color:#3b5998}.elementor-social-icon-flickr{background-color:#0063dc}.elementor-social-icon-foursquare{background-color:#2d5be3}.elementor-social-icon-free-code-camp,.elementor-social-icon-freecodecamp{background-color:#006400}.elementor-social-icon-github{background-color:#333}.elementor-social-icon-gitlab{background-color:#e24329}.elementor-social-icon-globe{background-color:#69727d}.elementor-social-icon-google-plus,.elementor-social-icon-google-plus-g{background-color:#dd4b39}.elementor-social-icon-houzz{background-color:#7ac142}.elementor-social-icon-instagram{background-color:#262626}.elementor-social-icon-jsfiddle{background-color:#487aa2}.elementor-social-icon-link{background-color:#818a91}.elementor-social-icon-linkedin,.elementor-social-icon-linkedin-in{background-color:#0077b5}.elementor-social-icon-medium{background-color:#00ab6b}.elementor-social-icon-meetup{background-color:#ec1c40}.elementor-social-icon-mixcloud{background-color:#273a4b}.elementor-social-icon-odnoklassniki{background-color:#f4731c}.elementor-social-icon-pinterest{background-color:#bd081c}.elementor-social-icon-product-hunt{background-color:#da552f}.elementor-social-icon-reddit{background-color:#ff4500}.elementor-social-icon-rss{background-color:#f26522}.elementor-social-icon-shopping-cart{background-color:#4caf50}.elementor-social-icon-skype{background-color:#00aff0}.elementor-social-icon-slideshare{background-color:#0077b5}.elementor-social-icon-snapchat{background-color:#fffc00}.elementor-social-icon-soundcloud{background-color:#f80}.elementor-social-icon-spotify{background-color:#2ebd59}.elementor-social-icon-stack-overflow{background-color:#fe7a15}.elementor-social-icon-steam{background-color:#00adee}.elementor-social-icon-stumbleupon{background-color:#eb4924}.elementor-social-icon-telegram{background-color:#2ca5e0}.elementor-social-icon-thumb-tack{background-color:#1aa1d8}.elementor-social-icon-tripadvisor{background-color:#589442}.elementor-social-icon-tumblr{background-color:#35465c}.elementor-social-icon-twitch{background-color:#6441a5}.elementor-social-icon-twitter{background-color:#1da1f2}.elementor-social-icon-viber{background-color:#665cac}.elementor-social-icon-vimeo{background-color:#1ab7ea}.elementor-social-icon-vk{background-color:#45668e}.elementor-social-icon-weibo{background-color:#dd2430}.elementor-social-icon-weixin{background-color:#31a918}.elementor-social-icon-whatsapp{background-color:#25d366}.elementor-social-icon-wordpress{background-color:#21759b}.elementor-social-icon-xing{background-color:#026466}.elementor-social-icon-yelp{background-color:#af0606}.elementor-social-icon-youtube{background-color:#cd201f}.elementor-social-icon-500px{background-color:#0099e5}.elementor-shape-rounded .elementor-icon.elementor-social-icon{border-radius:10%}.elementor-shape-circle .elementor-icon.elementor-social-icon{border-radius:50%}<\/style>\t\t<div class=\"elementor-social-icons-wrapper elementor-grid\">\n\t\t\t\t\t\t\t<span class=\"elementor-grid-item\">\n\t\t\t\t\t<a class=\"elementor-icon elementor-social-icon elementor-social-icon-mail-bulk elementor-repeater-item-44dbfe6\" href=\"mailto:seslikutuphanem@agu.edu.tr\" target=\"_blank\">\n\t\t\t\t\t\t<span class=\"elementor-screen-only\">Mail-bulk<\/span>\n\t\t\t\t\t\t<i class=\"fas fa-mail-bulk\"><\/i>\t\t\t\t\t<\/a>\n\t\t\t\t<\/span>\n\t\t\t\t\t\t\t<span class=\"elementor-grid-item\">\n\t\t\t\t\t<a class=\"elementor-icon elementor-social-icon elementor-social-icon-instagram elementor-repeater-item-04c57bc\" href=\"https:\/\/www.instagram.com\/aguseslikutuphanem\/\" target=\"_blank\">\n\t\t\t\t\t\t<span class=\"elementor-screen-only\">Instagram<\/span>\n\t\t\t\t\t\t<i class=\"fab fa-instagram\"><\/i>\t\t\t\t\t<\/a>\n\t\t\t\t<\/span>\n\t\t\t\t\t<\/div>\n\t\t\t\t<\/div>\n\t\t\t\t<\/div>\n\t\t\t\t\t<\/div>\n\t\t<\/div>\n\t\t\t\t\t\t\t<\/div>\n\t\t<\/section>\n\t\t\t\t<section class=\"elementor-section elementor-top-section elementor-element elementor-element-3a124acd elementor-section-boxed elementor-section-height-default elementor-section-height-default\" data-id=\"3a124acd\" data-element_type=\"section\">\n\t\t\t\t\t\t<div class=\"elementor-container elementor-column-gap-default\">\n\t\t\t\t\t<div class=\"elementor-column elementor-col-100 elementor-top-column elementor-element elementor-element-433c8327\" data-id=\"433c8327\" data-element_type=\"column\">\n\t\t\t<div class=\"elementor-widget-wrap elementor-element-populated\">\n\t\t\t\t\t\t\t\t<div class=\"elementor-element elementor-element-2f37b488 elementor-widget elementor-widget-text-editor\" data-id=\"2f37b488\" data-element_type=\"widget\" data-widget_type=\"text-editor.default\">\n\t\t\t\t<div class=\"elementor-widget-container\">\n\t\t\t<style>\/*! elementor - v3.12.1 - 02-04-2023 *\/\n.elementor-widget-text-editor.elementor-drop-cap-view-stacked .elementor-drop-cap{background-color:#69727d;color:#fff}.elementor-widget-text-editor.elementor-drop-cap-view-framed .elementor-drop-cap{color:#69727d;border:3px solid;background-color:transparent}.elementor-widget-text-editor:not(.elementor-drop-cap-view-default) .elementor-drop-cap{margin-top:8px}.elementor-widget-text-editor:not(.elementor-drop-cap-view-default) .elementor-drop-cap-letter{width:1em;height:1em}.elementor-widget-text-editor .elementor-drop-cap{float:left;text-align:center;line-height:1;font-size:50px}.elementor-widget-text-editor .elementor-drop-cap-letter{display:inline-block}<\/style>\t\t\t\t<!-- wp:file {\"id\":157,\"href\":\"http:\/\/seslikutuphanem.agu.edu.tr\/wp-content\/uploads\/2022\/12\/Kitap-Seslendirme-Kurallari.pdf\",\"displayPreview\":true} -->\n<div><a id=\"wp-block-file--media-361b004d-86d5-4f87-9980-479c41c4a24c\" style=\"color: white; font-size: 20px;\" href=\"http:\/\/seslikutuphanem.agu.edu.tr\/wp-content\/uploads\/2022\/12\/Kitap-Seslendirme-Kurallari.pdf\">Kitap Seslendirme Kurallar\u0131<\/a><\/div>\n<div>\u00a0<\/div>\n<div><a class=\"wp-block-file__button wp-element-button\" style=\"color: blue; background-color: yellow; font-weight: bold;\" href=\"http:\/\/seslikutuphanem.agu.edu.tr\/wp-content\/uploads\/2022\/12\/Kitap-Seslendirme-Kurallari.pdf\" download=\"\" aria-describedby=\"wp-block-file--media-361b004d-86d5-4f87-9980-479c41c4a24c\">\u0130ndir<\/a><\/div>\n<div>\u00a0<\/div>\n<div class=\"wp-block-file\"><object class=\"wp-block-file__embed\" style=\"width: 100%; height: 600px;\" data=\"http:\/\/seslikutuphanem.agu.edu.tr\/wp-content\/uploads\/2022\/12\/Kitap-Seslendirme-Kurallari.pdf\" type=\"application\/pdf\" width=\"300\" height=\"150\" aria-label=\"Kitap Seslendirme Kurallar\u0131\"><\/object><\/div>\n<div>\u00a0<\/div>\n<div><a id=\"wp-block-file--media-6d88d137-121b-4447-b5c1-7f7e33b8f316\" style=\"color: white; font-size: 20px;\" href=\"http:\/\/seslikutuphanem.agu.edu.tr\/wp-content\/uploads\/2022\/12\/Test-Kitabi-ve-Ders-Kitabi-Okuma-Kurallari.pdf\">Test Kitab\u0131 ve Ders Kitab\u0131 Okuma Kurallar\u0131<\/a><\/div>\n<div>\u00a0<\/div>\n<div><a class=\"wp-block-file__button wp-element-button\" style=\"color: blue; background-color: yellow; font-weight: bold;\" href=\"http:\/\/seslikutuphanem.agu.edu.tr\/wp-content\/uploads\/2022\/12\/Test-Kitabi-ve-Ders-Kitabi-Okuma-Kurallari.pdf\" download=\"\" aria-describedby=\"wp-block-file--media-6d88d137-121b-4447-b5c1-7f7e33b8f316\">\u0130ndir<\/a><\/div>\n<div>\u00a0<\/div>\n<!-- \/wp:file -->\n\n<!-- wp:file {\"id\":156,\"href\":\"http:\/\/seslikutuphanem.agu.edu.tr\/wp-content\/uploads\/2022\/12\/Test-Kitabi-ve-Ders-Kitabi-Okuma-Kurallari.pdf\",\"displayPreview\":true} -->\n<div class=\"wp-block-file\"><object class=\"wp-block-file__embed\" style=\"width: 100%; height: 600px;\" data=\"http:\/\/seslikutuphanem.agu.edu.tr\/wp-content\/uploads\/2022\/12\/Test-Kitabi-ve-Ders-Kitabi-Okuma-Kurallari.pdf\" type=\"application\/pdf\" width=\"300\" height=\"150\" aria-label=\"Test Kitab\u0131 ve Ders Kitab\u0131 Okuma Kurallar\u0131\"><\/object><\/div>\n<div>\u00a0<\/div>\n<div><a id=\"wp-block-file--media-af987e45-f193-416d-8694-ae9dc10d020e\" style=\"color: white; font-size: 20px;\" href=\"http:\/\/seslikutuphanem.agu.edu.tr\/wp-content\/uploads\/2022\/12\/Ek-1-a-Baslamadan-Once-Doldurulmasi-ve-Okunmasi-Gerekli-Form-Turk-Yazarli.pdf\">Ba\u015flamadan \u00d6nce Doldurulmas\u0131 ve Okunmas\u0131 Gerekli Form (T\u00fcrk Yazarl\u0131)<\/a><\/div>\n<div>\u00a0<\/div>\n<div><a class=\"wp-block-file__button wp-element-button\" style=\"color: blue; background-color: yellow; font-weight: bold;\" href=\"http:\/\/seslikutuphanem.agu.edu.tr\/wp-content\/uploads\/2022\/12\/Ek-1-a-Baslamadan-Once-Doldurulmasi-ve-Okunmasi-Gerekli-Form-Turk-Yazarli.pdf\" download=\"\" aria-describedby=\"wp-block-file--media-af987e45-f193-416d-8694-ae9dc10d020e\">\u0130ndir<\/a><\/div>\n<div>\u00a0<\/div>\n<!-- \/wp:file -->\n\n<!-- wp:file {\"id\":159,\"href\":\"http:\/\/seslikutuphanem.agu.edu.tr\/wp-content\/uploads\/2022\/12\/Ek-1-a-Baslamadan-Once-Doldurulmasi-ve-Okunmasi-Gerekli-Form-Turk-Yazarli.pdf\",\"displayPreview\":true} -->\n<div class=\"wp-block-file\"><object class=\"wp-block-file__embed\" style=\"width: 100%; height: 600px;\" data=\"http:\/\/seslikutuphanem.agu.edu.tr\/wp-content\/uploads\/2022\/12\/Ek-1-a-Baslamadan-Once-Doldurulmasi-ve-Okunmasi-Gerekli-Form-Turk-Yazarli.pdf\" type=\"application\/pdf\" width=\"300\" height=\"150\" aria-label=\"Ba\u015flamadan \u00d6nce Doldurulmas\u0131 ve Okunmas\u0131 Gerekli Form (T\u00fcrk Yazarl\u0131)\"><\/object><\/div>\n<div>\u00a0<\/div>\n<div><a id=\"wp-block-file--media-ccc50374-9842-4e47-8d43-e1e5913100ae\" style=\"color: white; font-size: 20px;\" href=\"http:\/\/seslikutuphanem.agu.edu.tr\/wp-content\/uploads\/2022\/12\/Ek-1-b-Baslamadan-Once-Doldurulmasi-ve-Okunmasi-Gerekli-Form-Yabanci-Yazarli.pdf\">Ba\u015flamadan \u00d6nce Doldurulmas\u0131 ve Okunmas\u0131 Gerekli Form (Yabanc\u0131 Yazarl\u0131)<\/a><\/div>\n<div>\u00a0<\/div>\n<div><a class=\"wp-block-file__button wp-element-button\" style=\"color: blue; background-color: yellow; font-weight: bold;\" href=\"http:\/\/seslikutuphanem.agu.edu.tr\/wp-content\/uploads\/2022\/12\/Ek-1-b-Baslamadan-Once-Doldurulmasi-ve-Okunmasi-Gerekli-Form-Yabanci-Yazarli.pdf\" download=\"\" aria-describedby=\"wp-block-file--media-ccc50374-9842-4e47-8d43-e1e5913100ae\">\u0130ndir<\/a><\/div>\n<div>\u00a0<\/div>\n<!-- \/wp:file -->\n\n<!-- wp:file {\"id\":158,\"href\":\"http:\/\/seslikutuphanem.agu.edu.tr\/wp-content\/uploads\/2022\/12\/Ek-1-b-Baslamadan-Once-Doldurulmasi-ve-Okunmasi-Gerekli-Form-Yabanci-Yazarli.pdf\",\"displayPreview\":true} -->\n<div class=\"wp-block-file\"><object class=\"wp-block-file__embed\" style=\"width: 100%; height: 600px;\" data=\"http:\/\/seslikutuphanem.agu.edu.tr\/wp-content\/uploads\/2022\/12\/Ek-1-b-Baslamadan-Once-Doldurulmasi-ve-Okunmasi-Gerekli-Form-Yabanci-Yazarli.pdf\" type=\"application\/pdf\" width=\"300\" height=\"150\" aria-label=\"Ba\u015flamadan \u00d6nce Doldurulmas\u0131 ve Okunmas\u0131 Gerekli Form (Yabanc\u0131 Yazarl\u0131)\"><\/object><\/div>\n<div>\u00a0<\/div>\n<div><a id=\"wp-block-file--media-3da28528-d21b-4ee5-87a5-492ba76dac9d\" style=\"color: white; font-size: 20px;\" href=\"http:\/\/seslikutuphanem.agu.edu.tr\/wp-content\/uploads\/2023\/04\/Ek-1-c-Baslamadan-Once-Doldurulmasi-ve-Okunmasi-Gerekli-Form-Ingilizce-Okuma-Kitaplari-Serileri-Icin.pdf\">Ba\u015flamadan \u00d6nce Doldurulmas\u0131 ve Okunmas\u0131 Gerekli Form (\u0130ngilizce Okuma Kitaplar\u0131)<\/a><\/div>\n<div>\u00a0<\/div>\n<div><a class=\"wp-block-file__button wp-element-button\" style=\"color: blue; background-color: yellow; font-weight: bold;\" href=\"http:\/\/seslikutuphanem.agu.edu.tr\/wp-content\/uploads\/2023\/04\/Ek-1-c-Baslamadan-Once-Doldurulmasi-ve-Okunmasi-Gerekli-Form-Ingilizce-Okuma-Kitaplari-Serileri-Icin.pdf\" download=\"\" aria-describedby=\"wp-block-file--media-3da28528-d21b-4ee5-87a5-492ba76dac9d\">\u0130ndir<\/a><\/div>\n<div>\u00a0<\/div>\n<!-- \/wp:file -->\n\n<!-- wp:file {\"id\":338,\"href\":\"http:\/\/seslikutuphanem.agu.edu.tr\/wp-content\/uploads\/2023\/04\/Ek-1-c-Baslamadan-Once-Doldurulmasi-ve-Okunmasi-Gerekli-Form-Ingilizce-Okuma-Kitaplari-Serileri-Icin.pdf\",\"displayPreview\":true} -->\n<div class=\"wp-block-file\"><object class=\"wp-block-file__embed\" style=\"width: 100%; height: 600px;\" data=\"http:\/\/seslikutuphanem.agu.edu.tr\/wp-content\/uploads\/2023\/04\/Ek-1-c-Baslamadan-Once-Doldurulmasi-ve-Okunmasi-Gerekli-Form-Ingilizce-Okuma-Kitaplari-Serileri-Icin.pdf\" type=\"application\/pdf\" width=\"300\" height=\"150\" aria-label=\"Ba\u015flamadan \u00d6nce Doldurulmas\u0131 ve Okunmas\u0131 Gerekli Form (\u0130ngilizce Okuma Kitaplar\u0131)\"><\/object><\/div>\n<!-- \/wp:file -->\t\t\t\t\t\t<\/div>\n\t\t\t\t<\/div>\n\t\t\t\t\t<\/div>\n\t\t<\/div>\n\t\t\t\t\t\t\t<\/div>\n\t\t<\/section>\n\t\t\t\t\t\t\t<\/div>\n\t\t","protected":false},"excerpt":{"rendered":"<p>\u0130leti\u015fim Mail-bulk Instagram<\/p>\n","protected":false},"author":1,"featured_media":0,"parent":0,"menu_order":0,"comment_status":"closed","ping_status":"closed","template":"","meta":[],"_links":{"self":[{"href":"http:\/\/seslikutuphanem.agu.edu.tr\/index.php?rest_route=\/wp\/v2\/pages\/341"}],"collection":[{"href":"http:\/\/seslikutuphanem.agu.edu.tr\/index.php?rest_route=\/wp\/v2\/pages"}],"about":[{"href":"http:\/\/seslikutuphanem.agu.edu.tr\/index.php?rest_route=\/wp\/v2\/types\/page"}],"author":[{"embeddable":true,"href":"http:\/\/seslikutuphanem.agu.edu.tr\/index.php?rest_route=\/wp\/v2\/users\/1"}],"replies":[{"embeddable":true,"href":"http:\/\/seslikutuphanem.agu.edu.tr\/index.php?rest_route=%2Fwp%2Fv2%2Fcomments&post=341"}],"version-history":[{"count":15,"href":"http:\/\/seslikutuphanem.agu.edu.tr\/index.php?rest_route=\/wp\/v2\/pages\/341\/revisions"}],"predecessor-version":[{"id":772,"href":"http:\/\/seslikutuphanem.agu.edu.tr\/index.php?rest_route=\/wp\/v2\/pages\/341\/revisions\/772"}],"wp:attachment":[{"href":"http:\/\/seslikutuphanem.agu.edu.tr\/index.php?rest_route=%2Fwp%2Fv2%2Fmedia&parent=341"}],"curies":[{"name":"wp","href":"https:\/\/api.w.org\/{rel}","templated":true}]}}