{"id":262,"date":"2023-04-12T09:47:35","date_gmt":"2023-04-12T09:47:35","guid":{"rendered":"http:\/\/seslikutuphanem.agu.edu.tr\/?page_id=262"},"modified":"2023-04-12T10:17:33","modified_gmt":"2023-04-12T10:17:33","slug":"gonullu-ol-2","status":"publish","type":"page","link":"http:\/\/seslikutuphanem.agu.edu.tr\/?page_id=262","title":{"rendered":"G\u00f6n\u00fcll\u00fc Ol"},"content":{"rendered":"\t\t<div data-elementor-type=\"wp-page\" data-elementor-id=\"262\" class=\"elementor elementor-262\">\n\t\t\t\t\t\t\t\t\t<section class=\"elementor-section elementor-top-section elementor-element elementor-element-7c71202e elementor-section-boxed elementor-section-height-default elementor-section-height-default\" data-id=\"7c71202e\" data-element_type=\"section\">\n\t\t\t\t\t\t<div class=\"elementor-container elementor-column-gap-default\">\n\t\t\t\t\t<div class=\"elementor-column elementor-col-100 elementor-top-column elementor-element elementor-element-35da8e83\" data-id=\"35da8e83\" data-element_type=\"column\">\n\t\t\t<div class=\"elementor-widget-wrap elementor-element-populated\">\n\t\t\t\t\t\t\t\t<div class=\"elementor-element elementor-element-38490d2a elementor-widget elementor-widget-text-editor\" data-id=\"38490d2a\" data-element_type=\"widget\" data-widget_type=\"text-editor.default\">\n\t\t\t\t<div class=\"elementor-widget-container\">\n\t\t\t<style>\/*! elementor - v3.12.1 - 02-04-2023 *\/\n.elementor-widget-text-editor.elementor-drop-cap-view-stacked .elementor-drop-cap{background-color:#69727d;color:#fff}.elementor-widget-text-editor.elementor-drop-cap-view-framed .elementor-drop-cap{color:#69727d;border:3px solid;background-color:transparent}.elementor-widget-text-editor:not(.elementor-drop-cap-view-default) .elementor-drop-cap{margin-top:8px}.elementor-widget-text-editor:not(.elementor-drop-cap-view-default) .elementor-drop-cap-letter{width:1em;height:1em}.elementor-widget-text-editor .elementor-drop-cap{float:left;text-align:center;line-height:1;font-size:50px}.elementor-widget-text-editor .elementor-drop-cap-letter{display:inline-block}<\/style>\t\t\t\t<p><!-- wp:paragraph --><\/p>\n<p style=\"font-size: 22px; color:yellow;\">Kitap seslendirmede g\u00f6n\u00fcll\u00fc olmak istiyorsan\u0131z a\u015fa\u011f\u0131daki d\u00f6k\u00fcman\u0131 doldurup bize \u0131slak imzal\u0131 olarak g\u00f6nderin.<\/p>\n<p>&nbsp;<\/p>\n<p>&nbsp;<\/p>\n<p><!-- \/wp:paragraph --><\/p>\n<p><!-- wp:file {\"id\":264,\"href\":\"http:\/\/seslikutuphanem.agu.edu.tr\/wp-content\/uploads\/2023\/04\/gonullu_okuyucu_sozlesmesi.docx\"} --><\/p>\n<div class=\"wp-block-file\"><strong><a class=\"wp-block-file__button wp-element-button\" style=\"color: blue; background-color: yellow; font-size: 18px;\" href=\"http:\/\/seslikutuphanem.agu.edu.tr\/wp-content\/uploads\/2023\/04\/gonullu_okuyucu_sozlesmesi.docx\" download=\"\" aria-describedby=\"wp-block-file--media-9700e88d-14f5-4191-94a8-245afc7a9001\">G\u00f6n\u00fcll\u00fc Okuyucu S\u00f6zle\u015fmesini \u0130ndir<\/a><\/strong><\/div>\n<p><!-- \/wp:file --><\/p>\n<p><!-- wp:paragraph --><\/p>\n<p>&nbsp;<\/p>\n<p><!-- \/wp:paragraph --><\/p>\t\t\t\t\t\t<\/div>\n\t\t\t\t<\/div>\n\t\t\t\t\t<\/div>\n\t\t<\/div>\n\t\t\t\t\t\t\t<\/div>\n\t\t<\/section>\n\t\t\t\t\t\t\t<\/div>\n\t\t","protected":false},"excerpt":{"rendered":"<p>Kitap seslendirmede g\u00f6n\u00fcll\u00fc olmak istiyorsan\u0131z a\u015fa\u011f\u0131daki d\u00f6k\u00fcman\u0131 doldurup bize \u0131slak imzal\u0131 olarak g\u00f6nderin. &nbsp; &nbsp; &nbsp;<\/p>\n","protected":false},"author":1,"featured_media":0,"parent":0,"menu_order":0,"comment_status":"closed","ping_status":"closed","template":"","meta":[],"_links":{"self":[{"href":"http:\/\/seslikutuphanem.agu.edu.tr\/index.php?rest_route=\/wp\/v2\/pages\/262"}],"collection":[{"href":"http:\/\/seslikutuphanem.agu.edu.tr\/index.php?rest_route=\/wp\/v2\/pages"}],"about":[{"href":"http:\/\/seslikutuphanem.agu.edu.tr\/index.php?rest_route=\/wp\/v2\/types\/page"}],"author":[{"embeddable":true,"href":"http:\/\/seslikutuphanem.agu.edu.tr\/index.php?rest_route=\/wp\/v2\/users\/1"}],"replies":[{"embeddable":true,"href":"http:\/\/seslikutuphanem.agu.edu.tr\/index.php?rest_route=%2Fwp%2Fv2%2Fcomments&post=262"}],"version-history":[{"count":15,"href":"http:\/\/seslikutuphanem.agu.edu.tr\/index.php?rest_route=\/wp\/v2\/pages\/262\/revisions"}],"predecessor-version":[{"id":648,"href":"http:\/\/seslikutuphanem.agu.edu.tr\/index.php?rest_route=\/wp\/v2\/pages\/262\/revisions\/648"}],"wp:attachment":[{"href":"http:\/\/seslikutuphanem.agu.edu.tr\/index.php?rest_route=%2Fwp%2Fv2%2Fmedia&parent=262"}],"curies":[{"name":"wp","href":"https:\/\/api.w.org\/{rel}","templated":true}]}}