{"id":11,"date":"2022-12-12T11:53:09","date_gmt":"2022-12-12T11:53:09","guid":{"rendered":"http:\/\/seslikutuphanem.agu.edu.tr\/?page_id=11"},"modified":"2023-04-20T19:29:33","modified_gmt":"2023-04-20T19:29:33","slug":"register","status":"publish","type":"page","link":"http:\/\/seslikutuphanem.agu.edu.tr\/?page_id=11","title":{"rendered":"\u00dcye Ol"},"content":{"rendered":"\t\t<div data-elementor-type=\"wp-page\" data-elementor-id=\"11\" class=\"elementor elementor-11\">\n\t\t\t\t\t\t\t\t\t<section class=\"elementor-section elementor-top-section elementor-element elementor-element-41e5480 elementor-section-boxed elementor-section-height-default elementor-section-height-default\" data-id=\"41e5480\" data-element_type=\"section\">\n\t\t\t\t\t\t<div class=\"elementor-container elementor-column-gap-default\">\n\t\t\t\t\t<div class=\"elementor-column elementor-col-100 elementor-top-column elementor-element elementor-element-0b0c192\" data-id=\"0b0c192\" data-element_type=\"column\">\n\t\t\t<div class=\"elementor-widget-wrap elementor-element-populated\">\n\t\t\t\t\t\t\t\t<div class=\"elementor-element elementor-element-ba9fc7b elementor-widget elementor-widget-text-editor\" data-id=\"ba9fc7b\" data-element_type=\"widget\" data-widget_type=\"text-editor.default\">\n\t\t\t\t<div class=\"elementor-widget-container\">\n\t\t\t<style>\/*! elementor - v3.12.1 - 02-04-2023 *\/\n.elementor-widget-text-editor.elementor-drop-cap-view-stacked .elementor-drop-cap{background-color:#69727d;color:#fff}.elementor-widget-text-editor.elementor-drop-cap-view-framed .elementor-drop-cap{color:#69727d;border:3px solid;background-color:transparent}.elementor-widget-text-editor:not(.elementor-drop-cap-view-default) .elementor-drop-cap{margin-top:8px}.elementor-widget-text-editor:not(.elementor-drop-cap-view-default) .elementor-drop-cap-letter{width:1em;height:1em}.elementor-widget-text-editor .elementor-drop-cap{float:left;text-align:center;line-height:1;font-size:50px}.elementor-widget-text-editor .elementor-drop-cap-letter{display:inline-block}<\/style>\t\t\t\t<p>\u00dcyelik i\u00e7in i\u00e7in a\u015fa\u011f\u0131daki bilgileri eksiksiz doldurunuz. Formu doldurup \u00fcyelik s\u00f6zle\u015fmenizi bize g\u00f6nderdikten sonra belgeleriniz incelenecektir. Site y\u00f6neticisi hesab\u0131n\u0131z\u0131 onaylad\u0131\u011f\u0131nda bir e-posta alacaks\u0131n\u0131z. Daha sonras\u0131nda hesab\u0131n\u0131za giri\u015f yapabilirsiniz.<\/p>\t\t\t\t\t\t<\/div>\n\t\t\t\t<\/div>\n\t\t\t\t\t<\/div>\n\t\t<\/div>\n\t\t\t\t\t\t\t<\/div>\n\t\t<\/section>\n\t\t\t\t<section class=\"elementor-section elementor-top-section elementor-element elementor-element-2bbec47 elementor-section-boxed elementor-section-height-default elementor-section-height-default\" data-id=\"2bbec47\" data-element_type=\"section\">\n\t\t\t\t\t\t<div class=\"elementor-container elementor-column-gap-default\">\n\t\t\t\t\t<div class=\"elementor-column elementor-col-100 elementor-top-column elementor-element elementor-element-6acbbec\" data-id=\"6acbbec\" data-element_type=\"column\">\n\t\t\t<div class=\"elementor-widget-wrap elementor-element-populated\">\n\t\t\t\t\t\t\t\t<div class=\"elementor-element elementor-element-02a50f4 elementor-widget elementor-widget-heading\" data-id=\"02a50f4\" data-element_type=\"widget\" data-widget_type=\"heading.default\">\n\t\t\t\t<div class=\"elementor-widget-container\">\n\t\t\t<style>\/*! elementor - v3.12.1 - 02-04-2023 *\/\n.elementor-heading-title{padding:0;margin:0;line-height:1}.elementor-widget-heading .elementor-heading-title[class*=elementor-size-]>a{color:inherit;font-size:inherit;line-height:inherit}.elementor-widget-heading .elementor-heading-title.elementor-size-small{font-size:15px}.elementor-widget-heading .elementor-heading-title.elementor-size-medium{font-size:19px}.elementor-widget-heading .elementor-heading-title.elementor-size-large{font-size:29px}.elementor-widget-heading .elementor-heading-title.elementor-size-xl{font-size:39px}.elementor-widget-heading .elementor-heading-title.elementor-size-xxl{font-size:59px}<\/style><div class=\"elementor-heading-title elementor-size-default\"><br>Bireysel \u00dcyelik<\/div>\t\t<\/div>\n\t\t\t\t<\/div>\n\t\t\t\t\t<\/div>\n\t\t<\/div>\n\t\t\t\t\t\t\t<\/div>\n\t\t<\/section>\n\t\t\t\t<section class=\"elementor-section elementor-top-section elementor-element elementor-element-b308dc1 elementor-section-boxed elementor-section-height-default elementor-section-height-default\" data-id=\"b308dc1\" data-element_type=\"section\">\n\t\t\t\t\t\t<div class=\"elementor-container elementor-column-gap-default\">\n\t\t\t\t\t<div class=\"elementor-column elementor-col-100 elementor-top-column elementor-element elementor-element-c5a101d\" data-id=\"c5a101d\" data-element_type=\"column\">\n\t\t\t<div class=\"elementor-widget-wrap elementor-element-populated\">\n\t\t\t\t\t\t\t\t<div class=\"elementor-element elementor-element-e0f373c elementor-widget elementor-widget-shortcode\" data-id=\"e0f373c\" data-element_type=\"widget\" data-widget_type=\"shortcode.default\">\n\t\t\t\t<div class=\"elementor-widget-container\">\n\t\t\t\t\t<div class=\"elementor-shortcode\"><div class=\"forminator-ui forminator-custom-form forminator-custom-form-64 forminator-design--material  forminator_ajax\" data-forminator-render=\"0\" data-form=\"forminator-module-64\" data-uid=\"69df46835e7e8\"><br\/><\/div><form\n\t\t\t\tid=\"forminator-module-64\"\n\t\t\t\tclass=\"forminator-ui forminator-custom-form forminator-custom-form-64 forminator-design--material  forminator_ajax\"\n\t\t\t\tmethod=\"post\"\n\t\t\t\tdata-forminator-render=\"0\"\n\t\t\t\tdata-form-id=\"64\"\n\t\t\t\t\n\t\t\t\tdata-design=\"material\"\n\t\t\t\t\n\t\t\t\t\n\t\t\t\t\n\t\t\t\tdata-grid=\"open\"\n\t\t\t\tenctype=\"multipart\/form-data\"\n\t\t\t\t\n\t\t\t\tstyle=\"display: none;\"\n\t\t\t\t\n\t\t\t\tdata-uid=\"69df46835e7e8\"\n\t\t\t><div class=\"forminator-response-message forminator-error\" aria-hidden=\"true\"><\/div><div class=\"forminator-row\"><div id=\"name-1\" class=\"forminator-col forminator-col-12 \"><div class=\"forminator-field\"><label for=\"forminator-field-name-1_69df46835e7e8\" class=\"forminator-label\">Ad <span class=\"forminator-required\">*<\/span><\/label><input type=\"text\" name=\"name-1\" value=\"\" placeholder=\"\" id=\"forminator-field-name-1_69df46835e7e8\" class=\"forminator-input forminator-name--field\" aria-required=\"true\" \/><\/div><\/div><\/div><div class=\"forminator-row\"><div id=\"name-2\" class=\"forminator-col forminator-col-12 \"><div class=\"forminator-field\"><label for=\"forminator-field-name-2_69df46835e7e8\" class=\"forminator-label\">Soyad <span class=\"forminator-required\">*<\/span><\/label><input type=\"text\" name=\"name-2\" value=\"\" placeholder=\"\" id=\"forminator-field-name-2_69df46835e7e8\" class=\"forminator-input forminator-name--field\" aria-required=\"true\" \/><\/div><\/div><\/div><div class=\"forminator-row\"><div id=\"text-1\" class=\"forminator-col forminator-col-12 \"><div class=\"forminator-field\"><label for=\"forminator-field-text-1_69df46835e7e8\" class=\"forminator-label\">Kullan\u0131c\u0131 Ad\u0131 <span class=\"forminator-required\">*<\/span><\/label><input type=\"text\" name=\"text-1\" value=\"\" placeholder=\"\" id=\"forminator-field-text-1_69df46835e7e8\" class=\"forminator-input forminator-name--field\" data-required=\"1\" maxlength=\"30\" \/><span id=\"forminator-field-text-1_69df46835e7e8-description\" class=\"forminator-description\"><span data-limit=\"30\" data-type=\"characters\">0 \/ 30<\/span><\/span><\/div><\/div><\/div><div class=\"forminator-row\"><div id=\"email-1\" class=\"forminator-col forminator-col-12 \"><div class=\"forminator-field\"><label for=\"forminator-field-email-1_69df46835e7e8\" class=\"forminator-label\">E-Posta Adresi <span class=\"forminator-required\">*<\/span><\/label><input type=\"email\" name=\"email-1\" value=\"\" placeholder=\"\" id=\"forminator-field-email-1_69df46835e7e8\" class=\"forminator-input forminator-email--field\" data-required=\"1\" aria-required=\"true\" \/><\/div><\/div><\/div><div class=\"forminator-row\"><div id=\"password-1\" class=\"forminator-col forminator-col-12 \"><div class=\"forminator-field\"><label for=\"forminator-field-password-1_69df46835e7e8\" class=\"forminator-label\">\u015eifre <span class=\"forminator-required\">*<\/span><\/label><input name=\"password-1\" value=\"\" placeholder=\"\" id=\"forminator-field-password-1_69df46835e7e8\" class=\"forminator-input forminator-name--field\" data-required=\"1\" type=\"password\" \/><\/div><\/div><\/div><div class=\"forminator-row\"><div class=\"forminator-col forminator-col-12\"><div class=\"forminator-field\"><label for=\"forminator-field-confirm_password-1_69df46835e7e8\" class=\"forminator-label\">\u015eifre Tekrar <span class=\"forminator-required\">*<\/span><\/label><input name=\"confirm_password-1\" value=\"\" placeholder=\"\" id=\"forminator-field-confirm_password-1_69df46835e7e8\" class=\"forminator-input forminator-name--field\" data-required=\"1\" type=\"password\" \/><\/div><\/div><\/div><div class=\"forminator-row\"><div id=\"upload-1\" class=\"forminator-col forminator-col-12 \"><div class=\"forminator-field\"><label for=\"forminator-field-upload-1_69df46835e7e8\" class=\"forminator-label\">Belge Y\u00fckle<\/label><div class=\"forminator-file-upload \" data-element=\"upload-1_69df46835e7e8\" aria-describedby=\"forminator-field-upload-1_69df46835e7e8-description\"><input type=\"file\" name=\"upload-1\" id=\"forminator-field-upload-1_69df46835e7e8\" class=\"forminator-input-file\" accept=\".webp,.txt,.asc,.c,.cc,.h,.srt,.csv,.tsv,.ics,.rtx,.css,.htm,.html,.vtt,.dfxp,.rtf,.js,.pdf,.class,.tar,.zip,.gz,.gzip,.rar,.7z,.doc,.pot,.pps,.ppt,.wri,.xla,.xls,.xlt,.xlw,.mdb,.mpp,.docx,.docm,.dotx,.dotm,.xlsx,.xlsm,.xlsb,.xltx,.xltm,.xlam,.pptx,.pptm,.ppsx,.ppsm,.potx,.potm,.ppam,.sldx,.sldm,.onetoc,.onetoc2,.onetmp,.onepkg,.oxps,.xps,.odt,.odp,.ods,.odg,.odc,.odb,.odf,.wp,.wpd,.key,.numbers,.pages,.bz2,.tgz,.txz,.txt,.xz,.svg,.svgz,.jpg,.jpeg,.jpe,.gif,.png,.bmp,.tiff,.tif,.ico,.psd,.xcf,.heic\"><button id=\"forminator-field-upload-1_69df46835e7e8_button\" class=\"forminator-button forminator-button-upload\" data-id=\"forminator-field-upload-1_69df46835e7e8\"><span>Choose File<\/span><span aria-hidden=\"true\"><\/span><\/button><span data-empty-text=\"No file chosen\">No file chosen<\/span><button class=\"forminator-button-delete\" style=\"display: none;\"><i class=\"forminator-icon-close\" aria-hidden=\"true\"><\/i><span class=\"forminator-screen-reader-only\">Delete uploaded file<\/span><\/button><\/div><span id=\"forminator-field-upload-1_69df46835e7e8-description\" class=\"forminator-description\">Engellilik Sa\u011fl\u0131k Kurulu Raporu Y\u00fckleyiniz<\/span><\/div><\/div><\/div><input type=\"hidden\" name=\"referer_url\" value=\"\" \/><div class=\"forminator-row forminator-row-last\"><div class=\"forminator-col\"><div class=\"forminator-field\"><button class=\"forminator-button forminator-button-submit\"><span>Kay\u0131t Ol<\/span><span aria-hidden=\"true\"><\/span><\/button><\/div><\/div><\/div><input type=\"hidden\" id=\"forminator_nonce\" name=\"forminator_nonce\" value=\"2e1fdc791d\" \/><input type=\"hidden\" name=\"_wp_http_referer\" value=\"\/index.php?rest_route=%2Fwp%2Fv2%2Fpages%2F11\" \/><input type=\"hidden\" name=\"form_id\" value=\"64\"><input type=\"hidden\" name=\"page_id\" value=\"11\"><input type=\"hidden\" name=\"form_type\" value=\"registration\"><input type=\"hidden\" name=\"current_url\" value=\"http:\/\/seslikutuphanem.agu.edu.tr\/?page_id=11\"><input type=\"hidden\" name=\"render_id\" value=\"0\"><input type=\"hidden\" name=\"action\" value=\"forminator_submit_form_custom-forms\"><\/form><\/div>\n\t\t\t\t<\/div>\n\t\t\t\t<\/div>\n\t\t\t\t\t<\/div>\n\t\t<\/div>\n\t\t\t\t\t\t\t<\/div>\n\t\t<\/section>\n\t\t\t\t<section class=\"elementor-section elementor-top-section elementor-element elementor-element-93fedbe elementor-section-boxed elementor-section-height-default elementor-section-height-default\" data-id=\"93fedbe\" data-element_type=\"section\">\n\t\t\t\t\t\t<div class=\"elementor-container elementor-column-gap-default\">\n\t\t\t\t\t<div class=\"elementor-column elementor-col-100 elementor-top-column elementor-element elementor-element-a4d71a8\" data-id=\"a4d71a8\" data-element_type=\"column\">\n\t\t\t<div class=\"elementor-widget-wrap elementor-element-populated\">\n\t\t\t\t\t\t\t\t<div class=\"elementor-element elementor-element-fdafc1a elementor-widget elementor-widget-heading\" data-id=\"fdafc1a\" data-element_type=\"widget\" data-widget_type=\"heading.default\">\n\t\t\t\t<div class=\"elementor-widget-container\">\n\t\t\t<p class=\"elementor-heading-title elementor-size-default\"><br>\u00dcyelik i\u015fleminizin tamamlanabilmesi i\u00e7in a\u015fa\u011f\u0131daki s\u00f6zle\u015fmeyi \u0131slak imzal\u0131 \u015fekilde bize g\u00f6ndermeniz gerekmektedir.<br><\/p>\t\t<\/div>\n\t\t\t\t<\/div>\n\t\t\t\t\t<\/div>\n\t\t<\/div>\n\t\t\t\t\t\t\t<\/div>\n\t\t<\/section>\n\t\t\t\t<section class=\"elementor-section elementor-top-section elementor-element elementor-element-7137558 elementor-section-boxed elementor-section-height-default elementor-section-height-default\" data-id=\"7137558\" data-element_type=\"section\">\n\t\t\t\t\t\t<div class=\"elementor-container elementor-column-gap-default\">\n\t\t\t\t\t<div class=\"elementor-column elementor-col-100 elementor-top-column elementor-element elementor-element-4f13e9d\" data-id=\"4f13e9d\" data-element_type=\"column\">\n\t\t\t<div class=\"elementor-widget-wrap elementor-element-populated\">\n\t\t\t\t\t\t\t\t<div class=\"elementor-element elementor-element-8811aeb elementor-align-center elementor-widget elementor-widget-button\" data-id=\"8811aeb\" data-element_type=\"widget\" data-widget_type=\"button.default\">\n\t\t\t\t<div class=\"elementor-widget-container\">\n\t\t\t\t\t<div class=\"elementor-button-wrapper\">\n\t\t\t<a href=\"http:\/\/seslikutuphanem.agu.edu.tr\/wp-content\/uploads\/2023\/04\/bireysel_uyelik_sozlesmesi.docx\" class=\"elementor-button-link elementor-button elementor-size-sm\" role=\"button\">\n\t\t\t\t\t\t<span class=\"elementor-button-content-wrapper\">\n\t\t\t\t\t\t\t<span class=\"elementor-button-icon elementor-align-icon-left\">\n\t\t\t\t<i aria-hidden=\"true\" class=\"fas fa-file-download\"><\/i>\t\t\t<\/span>\n\t\t\t\t\t\t<span class=\"elementor-button-text\">Bireysel \u00dcyelik S\u00f6zle\u015fmesi \u0130ndir<\/span>\n\t\t<\/span>\n\t\t\t\t\t<\/a>\n\t\t<\/div>\n\t\t\t\t<\/div>\n\t\t\t\t<\/div>\n\t\t\t\t\t<\/div>\n\t\t<\/div>\n\t\t\t\t\t\t\t<\/div>\n\t\t<\/section>\n\t\t\t\t<section class=\"elementor-section elementor-top-section elementor-element elementor-element-a218f52 elementor-section-boxed elementor-section-height-default elementor-section-height-default\" data-id=\"a218f52\" data-element_type=\"section\">\n\t\t\t\t\t\t<div class=\"elementor-container elementor-column-gap-default\">\n\t\t\t\t\t<div class=\"elementor-column elementor-col-100 elementor-top-column elementor-element elementor-element-6f9c3ef\" data-id=\"6f9c3ef\" data-element_type=\"column\">\n\t\t\t<div class=\"elementor-widget-wrap elementor-element-populated\">\n\t\t\t\t\t\t\t\t<div class=\"elementor-element elementor-element-e647d22 elementor-widget elementor-widget-heading\" data-id=\"e647d22\" data-element_type=\"widget\" data-widget_type=\"heading.default\">\n\t\t\t\t<div class=\"elementor-widget-container\">\n\t\t\t<div class=\"elementor-heading-title elementor-size-default\"><br>Kurumsal \u00dcyelik<\/div>\t\t<\/div>\n\t\t\t\t<\/div>\n\t\t\t\t\t<\/div>\n\t\t<\/div>\n\t\t\t\t\t\t\t<\/div>\n\t\t<\/section>\n\t\t\t\t<section class=\"elementor-section elementor-top-section elementor-element elementor-element-19ab2bd elementor-section-boxed elementor-section-height-default elementor-section-height-default\" data-id=\"19ab2bd\" data-element_type=\"section\">\n\t\t\t\t\t\t<div class=\"elementor-container elementor-column-gap-default\">\n\t\t\t\t\t<div class=\"elementor-column elementor-col-100 elementor-top-column elementor-element elementor-element-25bfc8f\" data-id=\"25bfc8f\" data-element_type=\"column\">\n\t\t\t<div class=\"elementor-widget-wrap elementor-element-populated\">\n\t\t\t\t\t\t\t\t<div class=\"elementor-element elementor-element-a3ecf3a elementor-widget elementor-widget-heading\" data-id=\"a3ecf3a\" data-element_type=\"widget\" data-widget_type=\"heading.default\">\n\t\t\t\t<div class=\"elementor-widget-container\">\n\t\t\t<p class=\"elementor-heading-title elementor-size-default\"><br>\u00dcyelik i\u015fleminizin tamamlanabilmesi i\u00e7in a\u015fa\u011f\u0131daki s\u00f6zle\u015fmeyi \u0131slak imzal\u0131 \u015fekilde bize g\u00f6ndermeniz gerekmektedir.<\/p>\t\t<\/div>\n\t\t\t\t<\/div>\n\t\t\t\t\t<\/div>\n\t\t<\/div>\n\t\t\t\t\t\t\t<\/div>\n\t\t<\/section>\n\t\t\t\t<section class=\"elementor-section elementor-top-section elementor-element elementor-element-4369cc7 elementor-section-boxed elementor-section-height-default elementor-section-height-default\" data-id=\"4369cc7\" data-element_type=\"section\">\n\t\t\t\t\t\t<div class=\"elementor-container elementor-column-gap-default\">\n\t\t\t\t\t<div class=\"elementor-column elementor-col-100 elementor-top-column elementor-element elementor-element-cf2d293\" data-id=\"cf2d293\" data-element_type=\"column\">\n\t\t\t<div class=\"elementor-widget-wrap elementor-element-populated\">\n\t\t\t\t\t\t\t\t<div class=\"elementor-element elementor-element-b2124bb elementor-align-center elementor-widget elementor-widget-button\" data-id=\"b2124bb\" data-element_type=\"widget\" data-widget_type=\"button.default\">\n\t\t\t\t<div class=\"elementor-widget-container\">\n\t\t\t\t\t<div class=\"elementor-button-wrapper\">\n\t\t\t<a href=\"http:\/\/seslikutuphanem.agu.edu.tr\/wp-content\/uploads\/2023\/04\/kurumsal_uyelik_sozlesmesi.docx\" class=\"elementor-button-link elementor-button elementor-size-sm\" role=\"button\">\n\t\t\t\t\t\t<span class=\"elementor-button-content-wrapper\">\n\t\t\t\t\t\t\t<span class=\"elementor-button-icon elementor-align-icon-left\">\n\t\t\t\t<i aria-hidden=\"true\" class=\"fas fa-file-download\"><\/i>\t\t\t<\/span>\n\t\t\t\t\t\t<span class=\"elementor-button-text\">Kurumsal \u00dcyelik S\u00f6zle\u015fmesi \u0130ndir<\/span>\n\t\t<\/span>\n\t\t\t\t\t<\/a>\n\t\t<\/div>\n\t\t\t\t<\/div>\n\t\t\t\t<\/div>\n\t\t\t\t\t<\/div>\n\t\t<\/div>\n\t\t\t\t\t\t\t<\/div>\n\t\t<\/section>\n\t\t\t\t\t\t\t<\/div>\n\t\t","protected":false},"excerpt":{"rendered":"<p>\u00dcyelik i\u00e7in i\u00e7in a\u015fa\u011f\u0131daki bilgileri eksiksiz doldurunuz. Formu doldurup \u00fcyelik s\u00f6zle\u015fmenizi bize g\u00f6nderdikten sonra belgeleriniz incelenecektir. Site y\u00f6neticisi hesab\u0131n\u0131z\u0131 onaylad\u0131\u011f\u0131nda bir e-posta alacaks\u0131n\u0131z. Daha sonras\u0131nda hesab\u0131n\u0131za giri\u015f yapabilirsiniz. Bireysel \u00dcyelik \u00dcyelik i\u015fleminizin tamamlanabilmesi i\u00e7in a\u015fa\u011f\u0131daki s\u00f6zle\u015fmeyi \u0131slak imzal\u0131 \u015fekilde bize g\u00f6ndermeniz gerekmektedir. Bireysel \u00dcyelik S\u00f6zle\u015fmesi \u0130ndir Kurumsal \u00dcyelik \u00dcyelik i\u015fleminizin tamamlanabilmesi i\u00e7in a\u015fa\u011f\u0131daki s\u00f6zle\u015fmeyi \u0131slak [&hellip;]<\/p>\n","protected":false},"author":1,"featured_media":0,"parent":0,"menu_order":0,"comment_status":"closed","ping_status":"closed","template":"","meta":[],"_links":{"self":[{"href":"http:\/\/seslikutuphanem.agu.edu.tr\/index.php?rest_route=\/wp\/v2\/pages\/11"}],"collection":[{"href":"http:\/\/seslikutuphanem.agu.edu.tr\/index.php?rest_route=\/wp\/v2\/pages"}],"about":[{"href":"http:\/\/seslikutuphanem.agu.edu.tr\/index.php?rest_route=\/wp\/v2\/types\/page"}],"author":[{"embeddable":true,"href":"http:\/\/seslikutuphanem.agu.edu.tr\/index.php?rest_route=\/wp\/v2\/users\/1"}],"replies":[{"embeddable":true,"href":"http:\/\/seslikutuphanem.agu.edu.tr\/index.php?rest_route=%2Fwp%2Fv2%2Fcomments&post=11"}],"version-history":[{"count":53,"href":"http:\/\/seslikutuphanem.agu.edu.tr\/index.php?rest_route=\/wp\/v2\/pages\/11\/revisions"}],"predecessor-version":[{"id":826,"href":"http:\/\/seslikutuphanem.agu.edu.tr\/index.php?rest_route=\/wp\/v2\/pages\/11\/revisions\/826"}],"wp:attachment":[{"href":"http:\/\/seslikutuphanem.agu.edu.tr\/index.php?rest_route=%2Fwp%2Fv2%2Fmedia&parent=11"}],"curies":[{"name":"wp","href":"https:\/\/api.w.org\/{rel}","templated":true}]}}